{"id":162,"date":"2020-08-17T14:50:31","date_gmt":"2020-08-17T12:50:31","guid":{"rendered":"https:\/\/www.wipmed.de\/?page_id=162"},"modified":"2021-06-04T07:23:05","modified_gmt":"2021-06-04T05:23:05","slug":"medizinische-mns-masken-typ-ii","status":"publish","type":"page","link":"https:\/\/www.wipmed.de\/?page_id=162","title":{"rendered":"Die Maskenproduktion"},"content":{"rendered":"\n<h1>Die Maskenproduktion<\/h1>\n\n\n\n<div style=\"height:29px\" aria-hidden=\"true\" class=\"wp-block-spacer\"><\/div>\n\n\n\n<p>Auf unserem Ohorner Standort &#8211; nahe Pulsnitz (Sachsen) &#8211; werden unsere Masken im Reinraum (Kategoriestufe VII) hergestellt. Je nach Auftragslage sind wir in der Lage w\u00f6chentlich bis zu 300.000 Masken herzustellen. Bei der maximalen Auslastung der Maschinen k\u00f6nnen wir so Kapazit\u00e4ten von bis zu 1.2 Mio Masken pro Monat erreichen.<\/p>\n\n\n\n<figure class=\"wp-block-gallery columns-3 is-cropped\"><ul class=\"blocks-gallery-grid\"><li class=\"blocks-gallery-item\"><figure><img loading=\"lazy\" width=\"1024\" height=\"680\" src=\"https:\/\/www.wipmed.de\/wp-content\/uploads\/2020\/08\/Ohorn_Schutzmasken_042-3007-20-1024x680.jpg\" alt=\"\" data-id=\"237\" data-full-url=\"https:\/\/www.wipmed.de\/wp-content\/uploads\/2020\/08\/Ohorn_Schutzmasken_042-3007-20-scaled.jpg\" data-link=\"https:\/\/www.wipmed.de\/?attachment_id=237\" class=\"wp-image-237\" srcset=\"https:\/\/www.wipmed.de\/wp-content\/uploads\/2020\/08\/Ohorn_Schutzmasken_042-3007-20-1024x680.jpg 1024w, https:\/\/www.wipmed.de\/wp-content\/uploads\/2020\/08\/Ohorn_Schutzmasken_042-3007-20-300x199.jpg 300w, https:\/\/www.wipmed.de\/wp-content\/uploads\/2020\/08\/Ohorn_Schutzmasken_042-3007-20-768x510.jpg 768w, https:\/\/www.wipmed.de\/wp-content\/uploads\/2020\/08\/Ohorn_Schutzmasken_042-3007-20-1536x1021.jpg 1536w, https:\/\/www.wipmed.de\/wp-content\/uploads\/2020\/08\/Ohorn_Schutzmasken_042-3007-20-2048x1361.jpg 2048w\" sizes=\"(max-width: 767px) 89vw, (max-width: 1000px) 54vw, (max-width: 1071px) 543px, 580px\" \/><\/figure><\/li><li class=\"blocks-gallery-item\"><figure><img loading=\"lazy\" width=\"1024\" height=\"681\" src=\"https:\/\/www.wipmed.de\/wp-content\/uploads\/2020\/08\/use-Ohorn_Schutzmasken_049-3007-20-2-1024x681.jpg\" alt=\"\" data-id=\"235\" data-full-url=\"https:\/\/www.wipmed.de\/wp-content\/uploads\/2020\/08\/use-Ohorn_Schutzmasken_049-3007-20-2-scaled.jpg\" data-link=\"https:\/\/www.wipmed.de\/?attachment_id=235\" class=\"wp-image-235\" srcset=\"https:\/\/www.wipmed.de\/wp-content\/uploads\/2020\/08\/use-Ohorn_Schutzmasken_049-3007-20-2-1024x681.jpg 1024w, https:\/\/www.wipmed.de\/wp-content\/uploads\/2020\/08\/use-Ohorn_Schutzmasken_049-3007-20-2-300x200.jpg 300w, https:\/\/www.wipmed.de\/wp-content\/uploads\/2020\/08\/use-Ohorn_Schutzmasken_049-3007-20-2-768x511.jpg 768w, https:\/\/www.wipmed.de\/wp-content\/uploads\/2020\/08\/use-Ohorn_Schutzmasken_049-3007-20-2-1536x1022.jpg 1536w, https:\/\/www.wipmed.de\/wp-content\/uploads\/2020\/08\/use-Ohorn_Schutzmasken_049-3007-20-2-2048x1363.jpg 2048w\" sizes=\"(max-width: 767px) 89vw, (max-width: 1000px) 54vw, (max-width: 1071px) 543px, 580px\" \/><\/figure><\/li><li class=\"blocks-gallery-item\"><figure><img loading=\"lazy\" width=\"1024\" height=\"682\" src=\"https:\/\/www.wipmed.de\/wp-content\/uploads\/2020\/08\/Ohorn_Schutzmasken_039-3007-20-2000-gro\u00df-1024x682.jpg\" alt=\"\" data-id=\"236\" data-full-url=\"https:\/\/www.wipmed.de\/wp-content\/uploads\/2020\/08\/Ohorn_Schutzmasken_039-3007-20-2000-gro\u00df.jpg\" data-link=\"https:\/\/www.wipmed.de\/?attachment_id=236\" class=\"wp-image-236\" srcset=\"https:\/\/www.wipmed.de\/wp-content\/uploads\/2020\/08\/Ohorn_Schutzmasken_039-3007-20-2000-gro\u00df-1024x682.jpg 1024w, https:\/\/www.wipmed.de\/wp-content\/uploads\/2020\/08\/Ohorn_Schutzmasken_039-3007-20-2000-gro\u00df-300x200.jpg 300w, https:\/\/www.wipmed.de\/wp-content\/uploads\/2020\/08\/Ohorn_Schutzmasken_039-3007-20-2000-gro\u00df-768x512.jpg 768w, https:\/\/www.wipmed.de\/wp-content\/uploads\/2020\/08\/Ohorn_Schutzmasken_039-3007-20-2000-gro\u00df-1536x1024.jpg 1536w, https:\/\/www.wipmed.de\/wp-content\/uploads\/2020\/08\/Ohorn_Schutzmasken_039-3007-20-2000-gro\u00df.jpg 2000w\" sizes=\"(max-width: 767px) 89vw, (max-width: 1000px) 54vw, (max-width: 1071px) 543px, 580px\" \/><\/figure><\/li><li class=\"blocks-gallery-item\"><figure><img loading=\"lazy\" width=\"1024\" height=\"681\" src=\"https:\/\/www.wipmed.de\/wp-content\/uploads\/2020\/08\/Ohorn_Schutzmasken_051-3007-20-1024x681.jpg\" alt=\"\" data-id=\"203\" data-full-url=\"https:\/\/www.wipmed.de\/wp-content\/uploads\/2020\/08\/Ohorn_Schutzmasken_051-3007-20-scaled.jpg\" data-link=\"https:\/\/www.wipmed.de\/?attachment_id=203\" class=\"wp-image-203\" srcset=\"https:\/\/www.wipmed.de\/wp-content\/uploads\/2020\/08\/Ohorn_Schutzmasken_051-3007-20-1024x681.jpg 1024w, https:\/\/www.wipmed.de\/wp-content\/uploads\/2020\/08\/Ohorn_Schutzmasken_051-3007-20-300x200.jpg 300w, https:\/\/www.wipmed.de\/wp-content\/uploads\/2020\/08\/Ohorn_Schutzmasken_051-3007-20-768x511.jpg 768w, https:\/\/www.wipmed.de\/wp-content\/uploads\/2020\/08\/Ohorn_Schutzmasken_051-3007-20-1536x1022.jpg 1536w, https:\/\/www.wipmed.de\/wp-content\/uploads\/2020\/08\/Ohorn_Schutzmasken_051-3007-20-2048x1363.jpg 2048w\" sizes=\"(max-width: 767px) 89vw, (max-width: 1000px) 54vw, (max-width: 1071px) 543px, 580px\" \/><figcaption class=\"blocks-gallery-item__caption\"><em>Einblick in die Maskenproduktion der PHB (BIlder vom Pressetermin am 27.07.2020 (Ohorn)).<\/em><\/figcaption><\/figure><\/li><\/ul><\/figure>\n\n\n\n<p>Unser Alleinstellungsmerkmal ist, dass wir jegliche Vormaterialien f\u00fcr die Masken von deutschen Zulieferern beziehen, sodass eine reibungslose Produktion gew\u00e4hrleistet ist. Wir stellen zum jetzigen Zeitpunkt zwei Maskensorten her, die medizinischen MNS-Masken Typ II f\u00fcr den Einsatz im OP- und Pflegebetrieb als auch Community-Masken zum Schutz von professionellen nicht-medizinischen und privaten Bereichen.<\/p>\n\n\n\n<p>Unsere Standards entsprechen den h\u00f6chsten Normen, um nicht nur den Schutz Aller in der heutigen COVID19-Pandemie zu gew\u00e4hrleisten, sondern langfristig Kliniken, Krankenh\u00e4usern und Pflegeeinrichtungen einen zuverl\u00e4ssigen Hersteller zu bieten, der die h\u00f6chsten Anspr\u00fcchen an seine  Produkte hat. <\/p>\n","protected":false},"excerpt":{"rendered":"<p>Die Maskenproduktion Auf unserem Ohorner Standort &#8211; nahe Pulsnitz (Sachsen) &#8211; werden unsere Masken im Reinraum (Kategoriestufe VII) hergestellt. Je nach Auftragslage sind wir in der Lage w\u00f6chentlich bis zu 300.000 Masken herzustellen. Bei der maximalen Auslastung der Maschinen k\u00f6nnen wir so Kapazit\u00e4ten von bis zu 1.2 Mio Masken pro Monat erreichen. Unser Alleinstellungsmerkmal ist, &hellip; <\/p>\n<p class=\"link-more\"><a href=\"https:\/\/www.wipmed.de\/?page_id=162\" class=\"more-link\"><span class=\"screen-reader-text\">\u201eDie Maskenproduktion\u201c<\/span> weiterlesen<\/a><\/p>\n","protected":false},"author":1,"featured_media":0,"parent":0,"menu_order":0,"comment_status":"closed","ping_status":"closed","template":"","meta":[],"_links":{"self":[{"href":"https:\/\/www.wipmed.de\/index.php?rest_route=\/wp\/v2\/pages\/162"}],"collection":[{"href":"https:\/\/www.wipmed.de\/index.php?rest_route=\/wp\/v2\/pages"}],"about":[{"href":"https:\/\/www.wipmed.de\/index.php?rest_route=\/wp\/v2\/types\/page"}],"author":[{"embeddable":true,"href":"https:\/\/www.wipmed.de\/index.php?rest_route=\/wp\/v2\/users\/1"}],"replies":[{"embeddable":true,"href":"https:\/\/www.wipmed.de\/index.php?rest_route=%2Fwp%2Fv2%2Fcomments&post=162"}],"version-history":[{"count":13,"href":"https:\/\/www.wipmed.de\/index.php?rest_route=\/wp\/v2\/pages\/162\/revisions"}],"predecessor-version":[{"id":733,"href":"https:\/\/www.wipmed.de\/index.php?rest_route=\/wp\/v2\/pages\/162\/revisions\/733"}],"wp:attachment":[{"href":"https:\/\/www.wipmed.de\/index.php?rest_route=%2Fwp%2Fv2%2Fmedia&parent=162"}],"curies":[{"name":"wp","href":"https:\/\/api.w.org\/{rel}","templated":true}]}}