{"id":593,"date":"2020-10-14T12:53:20","date_gmt":"2020-10-14T10:53:20","guid":{"rendered":"https:\/\/www.wipmed.de\/?page_id=593"},"modified":"2021-06-04T07:27:39","modified_gmt":"2021-06-04T05:27:39","slug":"aus-tradition-wird-innovation","status":"publish","type":"page","link":"https:\/\/www.wipmed.de\/?page_id=593","title":{"rendered":"Innovation"},"content":{"rendered":"\n<h1>Tradition trifft Innovation<\/h1>\n\n\n\n<div style=\"height:31px\" aria-hidden=\"true\" class=\"wp-block-spacer\"><\/div>\n\n\n\n<figure class=\"wp-block-gallery aligncenter columns-2 is-cropped\"><ul class=\"blocks-gallery-grid\"><li class=\"blocks-gallery-item\"><figure><a href=\"https:\/\/www.wipmed.de\/wp-content\/uploads\/2020\/08\/Ohorn_Schutzmasken_039-3007-20-2000-gro\u00df.jpg\"><img loading=\"lazy\" width=\"2000\" height=\"1333\" src=\"https:\/\/www.wipmed.de\/wp-content\/uploads\/2020\/08\/Ohorn_Schutzmasken_039-3007-20-2000-gro\u00df.jpg\" alt=\"\" data-id=\"236\" data-full-url=\"https:\/\/www.wipmed.de\/wp-content\/uploads\/2020\/08\/Ohorn_Schutzmasken_039-3007-20-2000-gro\u00df.jpg\" data-link=\"https:\/\/www.wipmed.de\/?attachment_id=236\" class=\"wp-image-236\" srcset=\"https:\/\/www.wipmed.de\/wp-content\/uploads\/2020\/08\/Ohorn_Schutzmasken_039-3007-20-2000-gro\u00df.jpg 2000w, https:\/\/www.wipmed.de\/wp-content\/uploads\/2020\/08\/Ohorn_Schutzmasken_039-3007-20-2000-gro\u00df-300x200.jpg 300w, https:\/\/www.wipmed.de\/wp-content\/uploads\/2020\/08\/Ohorn_Schutzmasken_039-3007-20-2000-gro\u00df-1024x682.jpg 1024w, https:\/\/www.wipmed.de\/wp-content\/uploads\/2020\/08\/Ohorn_Schutzmasken_039-3007-20-2000-gro\u00df-768x512.jpg 768w, https:\/\/www.wipmed.de\/wp-content\/uploads\/2020\/08\/Ohorn_Schutzmasken_039-3007-20-2000-gro\u00df-1536x1024.jpg 1536w\" sizes=\"(max-width: 767px) 89vw, (max-width: 1000px) 54vw, (max-width: 1071px) 543px, 580px\" \/><\/a><\/figure><\/li><li class=\"blocks-gallery-item\"><figure><a href=\"https:\/\/www.wipmed.de\/wp-content\/uploads\/2020\/08\/Ohorn_Schutzmasken_042-3007-20-scaled.jpg\"><img loading=\"lazy\" width=\"2560\" height=\"1701\" src=\"https:\/\/www.wipmed.de\/wp-content\/uploads\/2020\/08\/Ohorn_Schutzmasken_042-3007-20-scaled.jpg\" alt=\"\" data-id=\"237\" data-full-url=\"https:\/\/www.wipmed.de\/wp-content\/uploads\/2020\/08\/Ohorn_Schutzmasken_042-3007-20-scaled.jpg\" data-link=\"https:\/\/www.wipmed.de\/?attachment_id=237\" class=\"wp-image-237\" srcset=\"https:\/\/www.wipmed.de\/wp-content\/uploads\/2020\/08\/Ohorn_Schutzmasken_042-3007-20-scaled.jpg 2560w, https:\/\/www.wipmed.de\/wp-content\/uploads\/2020\/08\/Ohorn_Schutzmasken_042-3007-20-300x199.jpg 300w, https:\/\/www.wipmed.de\/wp-content\/uploads\/2020\/08\/Ohorn_Schutzmasken_042-3007-20-1024x680.jpg 1024w, https:\/\/www.wipmed.de\/wp-content\/uploads\/2020\/08\/Ohorn_Schutzmasken_042-3007-20-768x510.jpg 768w, https:\/\/www.wipmed.de\/wp-content\/uploads\/2020\/08\/Ohorn_Schutzmasken_042-3007-20-1536x1021.jpg 1536w, https:\/\/www.wipmed.de\/wp-content\/uploads\/2020\/08\/Ohorn_Schutzmasken_042-3007-20-2048x1361.jpg 2048w\" sizes=\"(max-width: 767px) 89vw, (max-width: 1000px) 54vw, (max-width: 1071px) 543px, 580px\" \/><\/a><\/figure><\/li><\/ul><figcaption class=\"blocks-gallery-caption\">Traditionelle Schmalweberei wird um innovative Produktionsanlage erweitert.<\/figcaption><\/figure>\n\n\n\n<p>Wir wollen durch moderne Produktionsanlagen nicht daf\u00fcr sorgen, dass traditionelle Berufe in den Hintergrund geraten oder sogar ersetzt werden. Wir wollen die M\u00f6glichkeit nutzen unseren bisherige traditionelle Verarbeitung von Textilien um eine moderne Komponente zu erweitern, um diesen Berufszweig und die Branche zu fundieren. Uns liegt dieses Handwerk am Herzen. Schon allein aus dem Grund, dass wir Arbeitspl\u00e4tze f\u00fcr eine Region bieten und sichern, die stark von der Textilindustrie abh\u00e4ngt. Zudem kommt, dass wir systemrelevante Produktionen und Produkte zur\u00fcck nach Deutschland f\u00fchren und stabilisieren. Was das f\u00fcr die Wirtschaft und das Gesundheitssystem bedeutet, erlebt man in der jetzigen COVID19-Krise. <\/p>\n\n\n\n<blockquote class=\"wp-block-quote\"><p><em>&#8222;Installiert wurde die Anlage in einer ehemaligen Schmalweberei. [&#8230;] der Reinraum wurde von der WISAG AG Dresden mit Dienstleistern aus der Region realisiert.<\/em>&#8222;<\/p><cite>Beitrag der vti vom 30.07.20 \u00fcber Produktionsstandort Ohorn.<\/cite><\/blockquote>\n","protected":false},"excerpt":{"rendered":"<p>Tradition trifft Innovation Wir wollen durch moderne Produktionsanlagen nicht daf\u00fcr sorgen, dass traditionelle Berufe in den Hintergrund geraten oder sogar ersetzt werden. Wir wollen die M\u00f6glichkeit nutzen unseren bisherige traditionelle Verarbeitung von Textilien um eine moderne Komponente zu erweitern, um diesen Berufszweig und die Branche zu fundieren. Uns liegt dieses Handwerk am Herzen. Schon allein &hellip; <\/p>\n<p class=\"link-more\"><a href=\"https:\/\/www.wipmed.de\/?page_id=593\" class=\"more-link\"><span class=\"screen-reader-text\">\u201eInnovation\u201c<\/span> weiterlesen<\/a><\/p>\n","protected":false},"author":1,"featured_media":0,"parent":0,"menu_order":0,"comment_status":"closed","ping_status":"closed","template":"","meta":[],"_links":{"self":[{"href":"https:\/\/www.wipmed.de\/index.php?rest_route=\/wp\/v2\/pages\/593"}],"collection":[{"href":"https:\/\/www.wipmed.de\/index.php?rest_route=\/wp\/v2\/pages"}],"about":[{"href":"https:\/\/www.wipmed.de\/index.php?rest_route=\/wp\/v2\/types\/page"}],"author":[{"embeddable":true,"href":"https:\/\/www.wipmed.de\/index.php?rest_route=\/wp\/v2\/users\/1"}],"replies":[{"embeddable":true,"href":"https:\/\/www.wipmed.de\/index.php?rest_route=%2Fwp%2Fv2%2Fcomments&post=593"}],"version-history":[{"count":5,"href":"https:\/\/www.wipmed.de\/index.php?rest_route=\/wp\/v2\/pages\/593\/revisions"}],"predecessor-version":[{"id":738,"href":"https:\/\/www.wipmed.de\/index.php?rest_route=\/wp\/v2\/pages\/593\/revisions\/738"}],"wp:attachment":[{"href":"https:\/\/www.wipmed.de\/index.php?rest_route=%2Fwp%2Fv2%2Fmedia&parent=593"}],"curies":[{"name":"wp","href":"https:\/\/api.w.org\/{rel}","templated":true}]}}